{"id":244,"date":"2023-07-30T11:41:14","date_gmt":"2023-07-30T11:41:14","guid":{"rendered":"https:\/\/acerotech.ca\/?page_id=244"},"modified":"2023-08-02T14:14:21","modified_gmt":"2023-08-02T14:14:21","slug":"bienvenue-welcome","status":"publish","type":"page","link":"https:\/\/acerotech.ca\/","title":{"rendered":"BIENVENUE &#8211; WELCOME"},"content":{"rendered":"<h2><strong>Ce que nous offrons<\/strong><\/h2>\n<p>L&#8217;estimation est l&#8217;aspect le plus important de votre entreprise. C&#8217;est pourquoi nous vous offrons un service de pr\u00e9paration de soumissions adapt\u00e9es \u00e0 votre entreprise. (Relev\u00e9 quantitatif des mat\u00e9riaux et de la main d&#8217;oeuvre)<\/p>\n<h2><strong>Notre march\u00e9<\/strong><\/h2>\n<ul>\n<li style=\"list-style-type: none;\">\n<ul>\n<li>Structure d&#8217;acier<\/li>\n<li>M\u00e9canosoudure<\/li>\n<li>Tuyauterie Industriel<\/li>\n<li>R\u00e9servoirs<\/li>\n<\/ul>\n<\/li>\n<\/ul>\n<ul>\n<li style=\"list-style-type: none;\"><\/li>\n<\/ul>\n<h2><strong>What we offer<\/strong><\/h2>\n<p>Estimates are the most important aspect of your business. This is why we offer a bid preparation service in the steel industry. (Materiel and labor take-off)<\/p>\n<h2><strong>Our Market<\/strong><\/h2>\n<ul>\n<li style=\"list-style-type: none;\">\n<ul>\n<li>Structural Steel<\/li>\n<li>Platework<\/li>\n<li>Industrial Piping<\/li>\n<li>API 650 tanks and ASME pressure vessels<\/li>\n<\/ul>\n<\/li>\n<\/ul>\n<ul>\n<li style=\"list-style-type: none;\"><\/li>\n<\/ul>\n","protected":false},"excerpt":{"rendered":"<p>Ce que nous offrons L&#8217;estimation est l&#8217;aspect le plus important de votre entreprise. C&#8217;est pourquoi nous vous offrons un service de pr\u00e9paration de soumissions adapt\u00e9es \u00e0 votre entreprise. (Relev\u00e9 quantitatif des mat\u00e9riaux et de la main d&#8217;oeuvre) Notre march\u00e9 Structure d&#8217;acier M\u00e9canosoudure Tuyauterie Industriel R\u00e9servoirs What we offer Estimates are the most important aspect of &hellip; <\/p>\n<p class=\"link-more\"><a href=\"https:\/\/acerotech.ca\/\" class=\"more-link\">Continue reading<span class=\"screen-reader-text\"> &#8220;BIENVENUE &#8211; WELCOME&#8221;<\/span><\/a><\/p>\n","protected":false},"author":1,"featured_media":0,"parent":0,"menu_order":0,"comment_status":"closed","ping_status":"closed","template":"","meta":{"pagelayer_contact_templates":[],"_pagelayer_content":"","footnotes":""},"class_list":["post-244","page","type-page","status-publish","hentry"],"yoast_head":"<!-- This site is optimized with the Yoast SEO plugin v27.4 - https:\/\/yoast.com\/product\/yoast-seo-wordpress\/ -->\n<title>BIENVENUE - WELCOME - Estimation ACEROTECH<\/title>\n<meta name=\"robots\" content=\"index, follow, max-snippet:-1, max-image-preview:large, max-video-preview:-1\" \/>\n<link rel=\"canonical\" href=\"https:\/\/acerotech.ca\/\" \/>\n<meta property=\"og:locale\" content=\"en_US\" \/>\n<meta property=\"og:type\" content=\"article\" \/>\n<meta property=\"og:title\" content=\"BIENVENUE - WELCOME - Estimation ACEROTECH\" \/>\n<meta property=\"og:description\" content=\"Ce que nous offrons L&#8217;estimation est l&#8217;aspect le plus important de votre entreprise. C&#8217;est pourquoi nous vous offrons un service de pr\u00e9paration de soumissions adapt\u00e9es \u00e0 votre entreprise. (Relev\u00e9 quantitatif des mat\u00e9riaux et de la main d&#8217;oeuvre) Notre march\u00e9 Structure d&#8217;acier M\u00e9canosoudure Tuyauterie Industriel R\u00e9servoirs What we offer Estimates are the most important aspect of &hellip; Continue reading &quot;BIENVENUE &#8211; WELCOME&quot;\" \/>\n<meta property=\"og:url\" content=\"https:\/\/acerotech.ca\/\" \/>\n<meta property=\"og:site_name\" content=\"Estimation ACEROTECH\" \/>\n<meta property=\"article:modified_time\" content=\"2023-08-02T14:14:21+00:00\" \/>\n<meta name=\"twitter:card\" content=\"summary_large_image\" \/>\n<meta name=\"twitter:label1\" content=\"Est. reading time\" \/>\n\t<meta name=\"twitter:data1\" content=\"1 minute\" \/>\n<script type=\"application\/ld+json\" class=\"yoast-schema-graph\">{\"@context\":\"https:\\\/\\\/schema.org\",\"@graph\":[{\"@type\":\"WebPage\",\"@id\":\"https:\\\/\\\/acerotech.ca\\\/\",\"url\":\"https:\\\/\\\/acerotech.ca\\\/\",\"name\":\"BIENVENUE - WELCOME - Estimation ACEROTECH\",\"isPartOf\":{\"@id\":\"https:\\\/\\\/acerotech.ca\\\/#website\"},\"datePublished\":\"2023-07-30T11:41:14+00:00\",\"dateModified\":\"2023-08-02T14:14:21+00:00\",\"breadcrumb\":{\"@id\":\"https:\\\/\\\/acerotech.ca\\\/#breadcrumb\"},\"inLanguage\":\"en-US\",\"potentialAction\":[{\"@type\":\"ReadAction\",\"target\":[\"https:\\\/\\\/acerotech.ca\\\/\"]}]},{\"@type\":\"BreadcrumbList\",\"@id\":\"https:\\\/\\\/acerotech.ca\\\/#breadcrumb\",\"itemListElement\":[{\"@type\":\"ListItem\",\"position\":1,\"name\":\"Home\",\"item\":\"https:\\\/\\\/acerotech.ca\\\/\"},{\"@type\":\"ListItem\",\"position\":2,\"name\":\"BIENVENUE &#8211; WELCOME\"}]},{\"@type\":\"WebSite\",\"@id\":\"https:\\\/\\\/acerotech.ca\\\/#website\",\"url\":\"https:\\\/\\\/acerotech.ca\\\/\",\"name\":\"Estimation ACEROTECH\",\"description\":\"Estimation d&#039;acier - Steel take-off\",\"publisher\":{\"@id\":\"https:\\\/\\\/acerotech.ca\\\/#organization\"},\"potentialAction\":[{\"@type\":\"SearchAction\",\"target\":{\"@type\":\"EntryPoint\",\"urlTemplate\":\"https:\\\/\\\/acerotech.ca\\\/?s={search_term_string}\"},\"query-input\":{\"@type\":\"PropertyValueSpecification\",\"valueRequired\":true,\"valueName\":\"search_term_string\"}}],\"inLanguage\":\"en-US\"},{\"@type\":\"Organization\",\"@id\":\"https:\\\/\\\/acerotech.ca\\\/#organization\",\"name\":\"Estimation ACEROTECH\",\"url\":\"https:\\\/\\\/acerotech.ca\\\/\",\"logo\":{\"@type\":\"ImageObject\",\"inLanguage\":\"en-US\",\"@id\":\"https:\\\/\\\/acerotech.ca\\\/#\\\/schema\\\/logo\\\/image\\\/\",\"url\":\"https:\\\/\\\/acerotech.ca\\\/wp-content\\\/uploads\\\/2020\\\/07\\\/cropped-acerotech3.png\",\"contentUrl\":\"https:\\\/\\\/acerotech.ca\\\/wp-content\\\/uploads\\\/2020\\\/07\\\/cropped-acerotech3.png\",\"width\":1145,\"height\":250,\"caption\":\"Estimation ACEROTECH \"},\"image\":{\"@id\":\"https:\\\/\\\/acerotech.ca\\\/#\\\/schema\\\/logo\\\/image\\\/\"}}]}<\/script>\n<!-- \/ Yoast SEO plugin. -->","yoast_head_json":{"title":"BIENVENUE - WELCOME - Estimation ACEROTECH","robots":{"index":"index","follow":"follow","max-snippet":"max-snippet:-1","max-image-preview":"max-image-preview:large","max-video-preview":"max-video-preview:-1"},"canonical":"https:\/\/acerotech.ca\/","og_locale":"en_US","og_type":"article","og_title":"BIENVENUE - WELCOME - Estimation ACEROTECH","og_description":"Ce que nous offrons L&#8217;estimation est l&#8217;aspect le plus important de votre entreprise. C&#8217;est pourquoi nous vous offrons un service de pr\u00e9paration de soumissions adapt\u00e9es \u00e0 votre entreprise. (Relev\u00e9 quantitatif des mat\u00e9riaux et de la main d&#8217;oeuvre) Notre march\u00e9 Structure d&#8217;acier M\u00e9canosoudure Tuyauterie Industriel R\u00e9servoirs What we offer Estimates are the most important aspect of &hellip; Continue reading \"BIENVENUE &#8211; WELCOME\"","og_url":"https:\/\/acerotech.ca\/","og_site_name":"Estimation ACEROTECH","article_modified_time":"2023-08-02T14:14:21+00:00","twitter_card":"summary_large_image","twitter_misc":{"Est. reading time":"1 minute"},"schema":{"@context":"https:\/\/schema.org","@graph":[{"@type":"WebPage","@id":"https:\/\/acerotech.ca\/","url":"https:\/\/acerotech.ca\/","name":"BIENVENUE - WELCOME - Estimation ACEROTECH","isPartOf":{"@id":"https:\/\/acerotech.ca\/#website"},"datePublished":"2023-07-30T11:41:14+00:00","dateModified":"2023-08-02T14:14:21+00:00","breadcrumb":{"@id":"https:\/\/acerotech.ca\/#breadcrumb"},"inLanguage":"en-US","potentialAction":[{"@type":"ReadAction","target":["https:\/\/acerotech.ca\/"]}]},{"@type":"BreadcrumbList","@id":"https:\/\/acerotech.ca\/#breadcrumb","itemListElement":[{"@type":"ListItem","position":1,"name":"Home","item":"https:\/\/acerotech.ca\/"},{"@type":"ListItem","position":2,"name":"BIENVENUE &#8211; WELCOME"}]},{"@type":"WebSite","@id":"https:\/\/acerotech.ca\/#website","url":"https:\/\/acerotech.ca\/","name":"Estimation ACEROTECH","description":"Estimation d&#039;acier - Steel take-off","publisher":{"@id":"https:\/\/acerotech.ca\/#organization"},"potentialAction":[{"@type":"SearchAction","target":{"@type":"EntryPoint","urlTemplate":"https:\/\/acerotech.ca\/?s={search_term_string}"},"query-input":{"@type":"PropertyValueSpecification","valueRequired":true,"valueName":"search_term_string"}}],"inLanguage":"en-US"},{"@type":"Organization","@id":"https:\/\/acerotech.ca\/#organization","name":"Estimation ACEROTECH","url":"https:\/\/acerotech.ca\/","logo":{"@type":"ImageObject","inLanguage":"en-US","@id":"https:\/\/acerotech.ca\/#\/schema\/logo\/image\/","url":"https:\/\/acerotech.ca\/wp-content\/uploads\/2020\/07\/cropped-acerotech3.png","contentUrl":"https:\/\/acerotech.ca\/wp-content\/uploads\/2020\/07\/cropped-acerotech3.png","width":1145,"height":250,"caption":"Estimation ACEROTECH "},"image":{"@id":"https:\/\/acerotech.ca\/#\/schema\/logo\/image\/"}}]}},"_links":{"self":[{"href":"https:\/\/acerotech.ca\/index.php?rest_route=\/wp\/v2\/pages\/244","targetHints":{"allow":["GET"]}}],"collection":[{"href":"https:\/\/acerotech.ca\/index.php?rest_route=\/wp\/v2\/pages"}],"about":[{"href":"https:\/\/acerotech.ca\/index.php?rest_route=\/wp\/v2\/types\/page"}],"author":[{"embeddable":true,"href":"https:\/\/acerotech.ca\/index.php?rest_route=\/wp\/v2\/users\/1"}],"replies":[{"embeddable":true,"href":"https:\/\/acerotech.ca\/index.php?rest_route=%2Fwp%2Fv2%2Fcomments&post=244"}],"version-history":[{"count":11,"href":"https:\/\/acerotech.ca\/index.php?rest_route=\/wp\/v2\/pages\/244\/revisions"}],"predecessor-version":[{"id":277,"href":"https:\/\/acerotech.ca\/index.php?rest_route=\/wp\/v2\/pages\/244\/revisions\/277"}],"wp:attachment":[{"href":"https:\/\/acerotech.ca\/index.php?rest_route=%2Fwp%2Fv2%2Fmedia&parent=244"}],"curies":[{"name":"wp","href":"https:\/\/api.w.org\/{rel}","templated":true}]}}